{"id":2,"date":"2013-07-12T14:11:29","date_gmt":"2013-07-12T14:11:29","guid":{"rendered":"http:\/\/p3advertising.rs\/?page_id=2"},"modified":"2020-05-22T15:01:00","modified_gmt":"2020-05-22T13:01:00","slug":"dobrodosli","status":"publish","type":"page","link":"https:\/\/p3advertising.rs\/de\/","title":{"rendered":"Herzlich Willkommen"},"content":{"rendered":"<p>Sie fragen sich bestimmt wer wir sind? Dieses Geheimnis werden wir Ihnen jetzt l\u00fcften&#8230; Es gibt Agenturen, die sich durch ihre Kreativit\u00e4t auszeichnen und andere durch ihre Strategie. Zu welcher geh\u00f6ren wir nun jetzt? P3 \u2013 Advertising verbindet beides und arbeitet mit kreativer Strategie.<\/p>\n<p>Durch eigene Produktion k\u00f6nnen wir Sie in der Funtkion eines \u201eone stop shops\u201c, im Bereich Grafik, Design und Printmedien von der Idee bis zur Realisierung fertiger Produkte unterst\u00fctzen.<\/p>\n<h4 class=\"bottom\">Ihre Ziele sind auch unsere!<\/h4>\n<ul class=\"three-columns production clearfix\">\n<li class=\"production\"><a href=\"#production\">Grafische Produktion<\/a><\/li>\n<li class=\"design middle\"><a href=\"#design\">Grafikdesign<\/a><\/li>\n<li class=\"products\"><a href=\"#products\">Produkte<\/a><\/li>\n<\/ul>\n<p><\/p>","protected":false},"excerpt":{"rendered":"<p>Sie fragen sich bestimmt wer wir sind? Dieses Geheimnis werden wir Ihnen jetzt l\u00fcften&#8230; Es gibt Agenturen, die sich durch ihre Kreativit\u00e4t auszeichnen und andere durch ihre Strategie. Zu welcher geh\u00f6ren wir nun jetzt? P3 \u2013 Advertising verbindet beides und arbeitet mit kreativer Strategie. Durch eigene Produktion k\u00f6nnen wir Sie in der Funtkion eines \u201eone [&hellip;]<\/p>\n","protected":false},"author":3,"featured_media":0,"parent":0,"menu_order":1,"comment_status":"open","ping_status":"open","template":"","meta":[],"acf":[],"yoast_head":"<!-- This site is optimized with the Yoast SEO plugin v19.10 - https:\/\/yoast.com\/wordpress\/plugins\/seo\/ -->\n<title>Herzlich Willkommen - p3advertising<\/title>\n<meta name=\"description\" content=\"Pouzdani smo, Profesionalni, Posve\u0107eni i vodimo se samo jednim ciljem - va\u0161im ciljema\" \/>\n<meta name=\"robots\" content=\"index, follow, max-snippet:-1, max-image-preview:large, max-video-preview:-1\" \/>\n<link rel=\"canonical\" href=\"https:\/\/p3advertising.rs\/en\/\" \/>\n<meta property=\"og:locale\" content=\"de_DE\" \/>\n<meta property=\"og:type\" content=\"article\" \/>\n<meta property=\"og:title\" content=\"P3Advertising\" \/>\n<meta property=\"og:description\" content=\"Pouzdani smo, Profesionalni, Posve\u0107eni i vodimo se samo jednim ciljem - va\u0161im ciljema\" \/>\n<meta property=\"og:url\" content=\"https:\/\/p3advertising.rs\/en\/\" \/>\n<meta property=\"og:site_name\" content=\"p3advertising\" \/>\n<meta property=\"article:modified_time\" content=\"2020-05-22T13:01:00+00:00\" \/>\n<meta property=\"og:image\" content=\"http:\/\/p3advertising.rs\/wp-content\/uploads\/2013\/07\/marylin-design.jpg\" \/>\n<meta name=\"twitter:label1\" content=\"Gesch\u00e4tzte Lesezeit\" \/>\n\t<meta name=\"twitter:data1\" content=\"2\u00a0Minuten\" \/>\n<script type=\"application\/ld+json\" class=\"yoast-schema-graph\">{\"@context\":\"https:\/\/schema.org\",\"@graph\":[{\"@type\":\"WebPage\",\"@id\":\"https:\/\/p3advertising.rs\/en\/\",\"url\":\"https:\/\/p3advertising.rs\/en\/\",\"name\":\"[:sr]Dobrodo\u0161li[:en]Welcome[:de]Herzlich Willkommen[:] - p3advertising\",\"isPartOf\":{\"@id\":\"https:\/\/p3advertising.rs\/#website\"},\"datePublished\":\"2013-07-12T14:11:29+00:00\",\"dateModified\":\"2020-05-22T13:01:00+00:00\",\"description\":\"Pouzdani smo, Profesionalni, Posve\u0107eni i vodimo se samo jednim ciljem - va\u0161im ciljema\",\"breadcrumb\":{\"@id\":\"https:\/\/p3advertising.rs\/en\/#breadcrumb\"},\"inLanguage\":\"de\",\"potentialAction\":[{\"@type\":\"ReadAction\",\"target\":[\"https:\/\/p3advertising.rs\/en\/\"]}]},{\"@type\":\"BreadcrumbList\",\"@id\":\"https:\/\/p3advertising.rs\/en\/#breadcrumb\",\"itemListElement\":[{\"@type\":\"ListItem\",\"position\":1,\"name\":\"Home\",\"item\":\"https:\/\/p3advertising.rs\/en\/\"},{\"@type\":\"ListItem\",\"position\":2,\"name\":\"Welcome\"}]},{\"@type\":\"WebSite\",\"@id\":\"https:\/\/p3advertising.rs\/#website\",\"url\":\"https:\/\/p3advertising.rs\/\",\"name\":\"p3advertising\",\"description\":\"p3advertising\",\"potentialAction\":[{\"@type\":\"SearchAction\",\"target\":{\"@type\":\"EntryPoint\",\"urlTemplate\":\"https:\/\/p3advertising.rs\/?s={search_term_string}\"},\"query-input\":\"required name=search_term_string\"}],\"inLanguage\":\"de\"}]}<\/script>\n<!-- \/ Yoast SEO plugin. -->","yoast_head_json":{"title":"[:sr]Dobrodo\u0161li[:en]Welcome[:de]Herzlich Willkommen[:] - p3advertising","description":"Pouzdani smo, Profesionalni, Posve\u0107eni i vodimo se samo jednim ciljem - va\u0161im ciljema","robots":{"index":"index","follow":"follow","max-snippet":"max-snippet:-1","max-image-preview":"max-image-preview:large","max-video-preview":"max-video-preview:-1"},"canonical":"https:\/\/p3advertising.rs\/en\/","og_locale":"de_DE","og_type":"article","og_title":"P3Advertising","og_description":"Pouzdani smo, Profesionalni, Posve\u0107eni i vodimo se samo jednim ciljem - va\u0161im ciljema","og_url":"https:\/\/p3advertising.rs\/en\/","og_site_name":"p3advertising","article_modified_time":"2020-05-22T13:01:00+00:00","og_image":[{"url":"http:\/\/p3advertising.rs\/wp-content\/uploads\/2013\/07\/marylin-design.jpg"}],"twitter_misc":{"Gesch\u00e4tzte Lesezeit":"2\u00a0Minuten"},"schema":{"@context":"https:\/\/schema.org","@graph":[{"@type":"WebPage","@id":"https:\/\/p3advertising.rs\/en\/","url":"https:\/\/p3advertising.rs\/en\/","name":"[:sr]Dobrodo\u0161li[:en]Welcome[:de]Herzlich Willkommen[:] - p3advertising","isPartOf":{"@id":"https:\/\/p3advertising.rs\/#website"},"datePublished":"2013-07-12T14:11:29+00:00","dateModified":"2020-05-22T13:01:00+00:00","description":"Pouzdani smo, Profesionalni, Posve\u0107eni i vodimo se samo jednim ciljem - va\u0161im ciljema","breadcrumb":{"@id":"https:\/\/p3advertising.rs\/en\/#breadcrumb"},"inLanguage":"de","potentialAction":[{"@type":"ReadAction","target":["https:\/\/p3advertising.rs\/en\/"]}]},{"@type":"BreadcrumbList","@id":"https:\/\/p3advertising.rs\/en\/#breadcrumb","itemListElement":[{"@type":"ListItem","position":1,"name":"Home","item":"https:\/\/p3advertising.rs\/en\/"},{"@type":"ListItem","position":2,"name":"Welcome"}]},{"@type":"WebSite","@id":"https:\/\/p3advertising.rs\/#website","url":"https:\/\/p3advertising.rs\/","name":"p3advertising","description":"p3advertising","potentialAction":[{"@type":"SearchAction","target":{"@type":"EntryPoint","urlTemplate":"https:\/\/p3advertising.rs\/?s={search_term_string}"},"query-input":"required name=search_term_string"}],"inLanguage":"de"}]}},"_links":{"self":[{"href":"https:\/\/p3advertising.rs\/de\/wp-json\/wp\/v2\/pages\/2"}],"collection":[{"href":"https:\/\/p3advertising.rs\/de\/wp-json\/wp\/v2\/pages"}],"about":[{"href":"https:\/\/p3advertising.rs\/de\/wp-json\/wp\/v2\/types\/page"}],"author":[{"embeddable":true,"href":"https:\/\/p3advertising.rs\/de\/wp-json\/wp\/v2\/users\/3"}],"replies":[{"embeddable":true,"href":"https:\/\/p3advertising.rs\/de\/wp-json\/wp\/v2\/comments?post=2"}],"version-history":[{"count":21,"href":"https:\/\/p3advertising.rs\/de\/wp-json\/wp\/v2\/pages\/2\/revisions"}],"predecessor-version":[{"id":1161,"href":"https:\/\/p3advertising.rs\/de\/wp-json\/wp\/v2\/pages\/2\/revisions\/1161"}],"wp:attachment":[{"href":"https:\/\/p3advertising.rs\/de\/wp-json\/wp\/v2\/media?parent=2"}],"curies":[{"name":"wp","href":"https:\/\/api.w.org\/{rel}","templated":true}]}}