{"id":2,"date":"2013-07-12T14:11:29","date_gmt":"2013-07-12T14:11:29","guid":{"rendered":"http:\/\/p3advertising.rs\/?page_id=2"},"modified":"2020-05-22T15:01:00","modified_gmt":"2020-05-22T13:01:00","slug":"dobrodosli","status":"publish","type":"page","link":"https:\/\/p3advertising.rs\/en\/","title":{"rendered":"Welcome"},"content":{"rendered":"<p><\/p>\n<h5>to our official presentation<\/h5>\n<p>Probably you are asking who we are. We will reveal you our secret. There are agencies that are known for their creativity, some others are known for their strategy. We are an agency with creative strategy. Or is it a strategic creativity? \u00a0You will find that out if \u00a0you do business with us .\u00a0The most important thing is that our work actually works.<\/p>\n<p>But that\u2019s not all. We have our own production and we can provide you with full service in graphic production- from idea to the final product.<\/p>\n<h4 class=\"bottom\">We are reliable, professional, <wbr \/>committed\u00a0and we are lead to a single goal- your goal.<\/h4>\n<ul class=\"three-columns production clearfix\">\n<li class=\"production\"><a href=\"#production\">graphic production<\/a><\/li>\n<li class=\"design middle\"><a href=\"#design\">graphic design<\/a><\/li>\n<li class=\"products\"><a href=\"#products\">product<\/a><\/li>\n<\/ul>\n<p><\/p>","protected":false},"excerpt":{"rendered":"<p>to our official presentation Probably you are asking who we are. We will reveal you our secret. There are agencies that are known for their creativity, some others are known for their strategy. We are an agency with creative strategy. Or is it a strategic creativity? \u00a0You will find that out if \u00a0you do business [&hellip;]<\/p>\n","protected":false},"author":3,"featured_media":0,"parent":0,"menu_order":1,"comment_status":"open","ping_status":"open","template":"","meta":[],"acf":[],"yoast_head":"<!-- This site is optimized with the Yoast SEO plugin v19.10 - https:\/\/yoast.com\/wordpress\/plugins\/seo\/ -->\n<title>Welcome - p3advertising<\/title>\n<meta name=\"description\" content=\"Pouzdani smo, Profesionalni, Posve\u0107eni i vodimo se samo jednim ciljem - va\u0161im ciljema\" \/>\n<meta name=\"robots\" content=\"index, follow, max-snippet:-1, max-image-preview:large, max-video-preview:-1\" \/>\n<link rel=\"canonical\" href=\"https:\/\/p3advertising.rs\/en\/\" \/>\n<meta property=\"og:locale\" content=\"en_US\" \/>\n<meta property=\"og:type\" content=\"article\" \/>\n<meta property=\"og:title\" content=\"P3Advertising\" \/>\n<meta property=\"og:description\" content=\"Pouzdani smo, Profesionalni, Posve\u0107eni i vodimo se samo jednim ciljem - va\u0161im ciljema\" \/>\n<meta property=\"og:url\" content=\"https:\/\/p3advertising.rs\/en\/\" \/>\n<meta property=\"og:site_name\" content=\"p3advertising\" \/>\n<meta property=\"article:modified_time\" content=\"2020-05-22T13:01:00+00:00\" \/>\n<meta property=\"og:image\" content=\"http:\/\/p3advertising.rs\/wp-content\/uploads\/2013\/07\/marylin-design.jpg\" \/>\n<meta name=\"twitter:label1\" content=\"Est. reading time\" \/>\n\t<meta name=\"twitter:data1\" content=\"2 minutes\" \/>\n<script type=\"application\/ld+json\" class=\"yoast-schema-graph\">{\"@context\":\"https:\/\/schema.org\",\"@graph\":[{\"@type\":\"WebPage\",\"@id\":\"https:\/\/p3advertising.rs\/en\/\",\"url\":\"https:\/\/p3advertising.rs\/en\/\",\"name\":\"[:sr]Dobrodo\u0161li[:en]Welcome[:de]Herzlich Willkommen[:] - p3advertising\",\"isPartOf\":{\"@id\":\"https:\/\/p3advertising.rs\/#website\"},\"datePublished\":\"2013-07-12T14:11:29+00:00\",\"dateModified\":\"2020-05-22T13:01:00+00:00\",\"description\":\"Pouzdani smo, Profesionalni, Posve\u0107eni i vodimo se samo jednim ciljem - va\u0161im ciljema\",\"breadcrumb\":{\"@id\":\"https:\/\/p3advertising.rs\/en\/#breadcrumb\"},\"inLanguage\":\"en-US\",\"potentialAction\":[{\"@type\":\"ReadAction\",\"target\":[\"https:\/\/p3advertising.rs\/en\/\"]}]},{\"@type\":\"BreadcrumbList\",\"@id\":\"https:\/\/p3advertising.rs\/en\/#breadcrumb\",\"itemListElement\":[{\"@type\":\"ListItem\",\"position\":1,\"name\":\"Home\",\"item\":\"https:\/\/p3advertising.rs\/en\/\"},{\"@type\":\"ListItem\",\"position\":2,\"name\":\"Welcome\"}]},{\"@type\":\"WebSite\",\"@id\":\"https:\/\/p3advertising.rs\/#website\",\"url\":\"https:\/\/p3advertising.rs\/\",\"name\":\"p3advertising\",\"description\":\"p3advertising\",\"potentialAction\":[{\"@type\":\"SearchAction\",\"target\":{\"@type\":\"EntryPoint\",\"urlTemplate\":\"https:\/\/p3advertising.rs\/?s={search_term_string}\"},\"query-input\":\"required name=search_term_string\"}],\"inLanguage\":\"en-US\"}]}<\/script>\n<!-- \/ Yoast SEO plugin. -->","yoast_head_json":{"title":"[:sr]Dobrodo\u0161li[:en]Welcome[:de]Herzlich Willkommen[:] - p3advertising","description":"Pouzdani smo, Profesionalni, Posve\u0107eni i vodimo se samo jednim ciljem - va\u0161im ciljema","robots":{"index":"index","follow":"follow","max-snippet":"max-snippet:-1","max-image-preview":"max-image-preview:large","max-video-preview":"max-video-preview:-1"},"canonical":"https:\/\/p3advertising.rs\/en\/","og_locale":"en_US","og_type":"article","og_title":"P3Advertising","og_description":"Pouzdani smo, Profesionalni, Posve\u0107eni i vodimo se samo jednim ciljem - va\u0161im ciljema","og_url":"https:\/\/p3advertising.rs\/en\/","og_site_name":"p3advertising","article_modified_time":"2020-05-22T13:01:00+00:00","og_image":[{"url":"http:\/\/p3advertising.rs\/wp-content\/uploads\/2013\/07\/marylin-design.jpg"}],"twitter_misc":{"Est. reading time":"2 minutes"},"schema":{"@context":"https:\/\/schema.org","@graph":[{"@type":"WebPage","@id":"https:\/\/p3advertising.rs\/en\/","url":"https:\/\/p3advertising.rs\/en\/","name":"[:sr]Dobrodo\u0161li[:en]Welcome[:de]Herzlich Willkommen[:] - p3advertising","isPartOf":{"@id":"https:\/\/p3advertising.rs\/#website"},"datePublished":"2013-07-12T14:11:29+00:00","dateModified":"2020-05-22T13:01:00+00:00","description":"Pouzdani smo, Profesionalni, Posve\u0107eni i vodimo se samo jednim ciljem - va\u0161im ciljema","breadcrumb":{"@id":"https:\/\/p3advertising.rs\/en\/#breadcrumb"},"inLanguage":"en-US","potentialAction":[{"@type":"ReadAction","target":["https:\/\/p3advertising.rs\/en\/"]}]},{"@type":"BreadcrumbList","@id":"https:\/\/p3advertising.rs\/en\/#breadcrumb","itemListElement":[{"@type":"ListItem","position":1,"name":"Home","item":"https:\/\/p3advertising.rs\/en\/"},{"@type":"ListItem","position":2,"name":"Welcome"}]},{"@type":"WebSite","@id":"https:\/\/p3advertising.rs\/#website","url":"https:\/\/p3advertising.rs\/","name":"p3advertising","description":"p3advertising","potentialAction":[{"@type":"SearchAction","target":{"@type":"EntryPoint","urlTemplate":"https:\/\/p3advertising.rs\/?s={search_term_string}"},"query-input":"required name=search_term_string"}],"inLanguage":"en-US"}]}},"_links":{"self":[{"href":"https:\/\/p3advertising.rs\/en\/wp-json\/wp\/v2\/pages\/2"}],"collection":[{"href":"https:\/\/p3advertising.rs\/en\/wp-json\/wp\/v2\/pages"}],"about":[{"href":"https:\/\/p3advertising.rs\/en\/wp-json\/wp\/v2\/types\/page"}],"author":[{"embeddable":true,"href":"https:\/\/p3advertising.rs\/en\/wp-json\/wp\/v2\/users\/3"}],"replies":[{"embeddable":true,"href":"https:\/\/p3advertising.rs\/en\/wp-json\/wp\/v2\/comments?post=2"}],"version-history":[{"count":21,"href":"https:\/\/p3advertising.rs\/en\/wp-json\/wp\/v2\/pages\/2\/revisions"}],"predecessor-version":[{"id":1161,"href":"https:\/\/p3advertising.rs\/en\/wp-json\/wp\/v2\/pages\/2\/revisions\/1161"}],"wp:attachment":[{"href":"https:\/\/p3advertising.rs\/en\/wp-json\/wp\/v2\/media?parent=2"}],"curies":[{"name":"wp","href":"https:\/\/api.w.org\/{rel}","templated":true}]}}